{"id":155,"date":"2022-10-21T14:42:55","date_gmt":"2022-10-21T12:42:55","guid":{"rendered":"https:\/\/kancelariadrezno.pl\/?page_id=155"},"modified":"2022-10-21T14:42:56","modified_gmt":"2022-10-21T12:42:56","slug":"mec-konrad-drezno-radca-prawny","status":"publish","type":"page","link":"https:\/\/kancelariadrezno.pl\/?page_id=155","title":{"rendered":"Mec. Konrad Drezno &#8211; radca prawny"},"content":{"rendered":"\n<p>Radca prawny. Bloger: Pan Prawniczy. Autor publikacji z zakresu prawa podatkowego i innych dziedzin prawa. Jest za\u0142o\u017cycielem Kancelarii Radcy Prawnego Konrad Drezno, a tak\u017ce portalu panprawniczy.pl. Ponadto jest on r\u00f3wnie\u017c autorem publikacji naukowych z zakresu prawa podatkowego oraz prawa przedsi\u0119biorc\u00f3w. W 2018 roku bra\u0142 udzia\u0142 w stworzeniu komitetu spo\u0142ecznego na rzecz ustawy o zawodzie logopedy. Aktualnie opr\u00f3cz pracy naukowej i zawodowej zajmuje si\u0119 on prowadzeniem szkole\u0144 dla przedsi\u0119biorc\u00f3w.<\/p>\n\n\n\n<p>ORCID: 0000-0001-6229-3839<\/p>\n\n\n\n<p>Publikacje naukowe:<br>&#8211; Drezno K., Geneza harmonizacji przepis\u00f3w polskiej ustawy o podatku od towar\u00f3w i us\u0142ug z przepisami prawa Unii Europejskiej w zakresie zwolnienia od opodatkowania us\u0142ug z zakresu opieki medycznej wykonywanych w ramach zawod\u00f3w medycznych lub paramedycznych, w: Bezpiecze\u0144stwo prawne podatnika a sprawiedliwy system podatkowy, Stowarzyszenie Absolwent\u00f3w i Przyjaci\u00f3\u0142 Wydzia\u0142u Prawa Katolickiego Uniwersytetu Lubelskiego, Lublin 2020, s. 21-36,<br>&#8211; Drezno K., Opodatkowanie podatkiem od towar\u00f3w i us\u0142ug, us\u0142ug \u015bwiadczonych w ramach system\u00f3w franczyzowych w \u015bwietle genezy, istoty i podstaw prawnych franchisingu, Ius Et Administratio Nr 1\/2021, Rzesz\u00f3w 2021, s. 7-23,<br>&#8211; Drezno K., The issue of taxation with value added tax concerning medical care services provided by speech therapists in light of the interdisciplinary nature of the profession of a speech therapist, Acta Iuris Stetinensis, No. 1 (Vol. 29) 2020, Szczecin 2020, s. 5-16,<br>&#8211; Drezno K., Wykonywanie zawodu radcy prawnego w ramach dzia\u0142alno\u015bci nierejestrowanej, w: Prawnik 3\/54 2021,<br>&#8211; Drezno K., Obowi\u0105zek zapewnienia przez radc\u00f3w prawnych b\u0119d\u0105cych przedsi\u0119biorcami mo\u017cliwo\u015bci dokonywania p\u0142atno\u015bci przy u\u017cyciu instrumentu p\u0142atniczego, w: Prawnik 2\/56 2022.<\/p>\n\n\n\n<p>Inne publikacje:<br>&#8211; Artyku\u0142y prawnicze na portalu panilogopedyczna.pl<\/p>\n","protected":false},"excerpt":{"rendered":"<p>Radca prawny. Bloger: Pan Prawniczy. Autor publikacji z zakresu prawa podatkowego i innych dziedzin prawa. Jest za\u0142o\u017cycielem Kancelarii Radcy Prawnego Konrad Drezno, a tak\u017ce portalu panprawniczy.pl. Ponadto jest on r\u00f3wnie\u017c autorem publikacji naukowych z zakresu prawa podatkowego oraz prawa przedsi\u0119biorc\u00f3w. W 2018 roku bra\u0142 udzia\u0142 w stworzeniu komitetu spo\u0142ecznego na [&hellip;]<\/p>\n","protected":false},"author":1,"featured_media":0,"parent":0,"menu_order":0,"comment_status":"closed","ping_status":"closed","template":"","meta":{"footnotes":""},"class_list":["post-155","page","type-page","status-publish","hentry"],"_links":{"self":[{"href":"https:\/\/kancelariadrezno.pl\/index.php?rest_route=\/wp\/v2\/pages\/155","targetHints":{"allow":["GET"]}}],"collection":[{"href":"https:\/\/kancelariadrezno.pl\/index.php?rest_route=\/wp\/v2\/pages"}],"about":[{"href":"https:\/\/kancelariadrezno.pl\/index.php?rest_route=\/wp\/v2\/types\/page"}],"author":[{"embeddable":true,"href":"https:\/\/kancelariadrezno.pl\/index.php?rest_route=\/wp\/v2\/users\/1"}],"replies":[{"embeddable":true,"href":"https:\/\/kancelariadrezno.pl\/index.php?rest_route=%2Fwp%2Fv2%2Fcomments&post=155"}],"version-history":[{"count":1,"href":"https:\/\/kancelariadrezno.pl\/index.php?rest_route=\/wp\/v2\/pages\/155\/revisions"}],"predecessor-version":[{"id":156,"href":"https:\/\/kancelariadrezno.pl\/index.php?rest_route=\/wp\/v2\/pages\/155\/revisions\/156"}],"wp:attachment":[{"href":"https:\/\/kancelariadrezno.pl\/index.php?rest_route=%2Fwp%2Fv2%2Fmedia&parent=155"}],"curies":[{"name":"wp","href":"https:\/\/api.w.org\/{rel}","templated":true}]}}