{"id":141,"date":"2022-10-15T12:59:12","date_gmt":"2022-10-15T10:59:12","guid":{"rendered":"https:\/\/kancelariadrezno.pl\/?page_id=141"},"modified":"2022-11-10T12:46:45","modified_gmt":"2022-11-10T11:46:45","slug":"regulamin","status":"publish","type":"page","link":"https:\/\/kancelariadrezno.pl\/?page_id=141","title":{"rendered":"Regulamin"},"content":{"rendered":"\n<p class=\"has-text-align-center has-black-color has-text-color has-medium-font-size\"><strong>Regulamin Portalu <a href=\"http:\/\/kancelariadrezno.pl\">kancelariadrezno.pl<\/a><\/strong><\/p>\n\n\n\n<p>Portal internetowy panilogopedyczna.pl (dalej: Portal), dzia\u0142aj\u0105cy pod adresem <a href=\"http:\/\/panprawniczy.pl\" data-type=\"URL\" data-id=\"panprawniczy.pl\">kancelariadrezno.pl<\/a>, prowadzony jest przez Konrada Drezno prowadz\u0105cy dzia\u0142alno\u015b\u0107 gospodarcz\u0105 pod firm\u0105: <strong>Kancelaria Radcy Prawnego Konrad Drezno<\/strong> <strong>z siedzib\u0105\u00a0w Lublinie<\/strong>\u00a0<strong>przy ul. Kryszta\u0142owej 8\/U2,<\/strong>\u00a0<strong>NIP: 7123444293, REGON: 523561067<\/strong>\u00a0 (dalej jako: Administrator).<\/p>\n\n\n\n<p>Kontakt z Administratorem mo\u017cliwy jest za po\u015brednictwem poczty elektronicznej: <strong>kontakt@kancelariadrezno.pl<\/strong><\/p>\n\n\n\n<p>(!) Informacje publikowane na Portalu nie maj\u0105 charakteru porady specjalistycznej (np. prawnej, w zakresie doradztwa podatkowego), a Administrator oraz osoby z nim wsp\u00f3\u0142pracuj\u0105ce nie odpowiadaj\u0105 za ich tre\u015b\u0107 lub negatywne skutki zastosowania si\u0119 do nich.  U\u017cytkownik ka\u017cdorazowo powinien weryfikowa\u0107 informacje zawarte na Portalu i ewentualnie stosowa\u0107 si\u0119 do nich dopiero po skonsultowaniu i zaakceptowaniu ich przez specjalist\u0119 danej dziedziny, kt\u00f3rej dotyczy dana informacja, jednak\u017ce nawet po ich skonsultowaniu i zaakceptowaniu przez specjalist\u0119 Administrator nie ponosi odpowiedzialno\u015bci za negatywne skutki ich zastosowania. Informacje zawarte na Portalu maj\u0105 bowiem jedynie charakter og\u00f3lny i nie mo\u017cna na nich opiera\u0107 konkretnych stan\u00f3w faktycznych. <\/p>\n\n\n\n<p>(!!) Administrator nie odpowiada za tre\u015b\u0107 reklam wy\u015bwietlaj\u0105cych si\u0119 na Portalu, bowiem wy\u015bwietlane s\u0105 one przez pomioty zewn\u0119trzne. <\/p>\n\n\n\n<h3 class=\"has-black-color has-text-color wp-block-heading\"><strong>I. Postanowienia og\u00f3lne<\/strong><\/h3>\n\n\n\n<ol class=\"wp-block-list\">\n<li>Regulamin okre\u015bla zasady funkcjonowania oraz zasady korzystania z Portalu oraz jego podstron. Regulamin definiuje i okre\u015bla prawa i obowi\u0105zki korzystaj\u0105cych z niego U\u017cytkownik\u00f3w oraz Administratora, w zakresie \u015bwiadczenia us\u0142ug drog\u0105 elektroniczn\u0105. Regulamin w szczeg\u00f3lno\u015bci zawiera postanowienia dotycz\u0105ce rodzaju i zakresu us\u0142ug \u015bwiadczonych drog\u0105 elektroniczn\u0105, w tym wymagania techniczne niezb\u0119dne do wsp\u00f3\u0142pracy z systemem teleinformatycznym, kt\u00f3rym pos\u0142uguje si\u0119 Administrator oraz zakaz dostarczania przez U\u017cytkownik\u00f3w Portalu tre\u015bci o charakterze bezprawnym. Regulamin zawiera ponadto postanowienia reguluj\u0105ce warunki zawierania i rozwi\u0105zywania um\u00f3w o \u015bwiadczenie us\u0142ug drog\u0105 elektroniczn\u0105 oraz tryb post\u0119powania reklamacyjnego. <\/li>\n\n\n\n<li>U\u017cytkownikiem jest ka\u017cda osoba, kt\u00f3ra odwiedza witryny skupione wok\u00f3\u0142 Portalu. <\/li>\n\n\n\n<li>Administrator zastrzega sobie prawo do ograniczenia dost\u0119pu do niekt\u00f3rych tre\u015bci lub funkcji Portalu wedle przyj\u0119tych przez siebie kryteri\u00f3w, w szczeg\u00f3lno\u015bci uzale\u017cnienia ich od zarejestrowania konta, uiszczenia op\u0142aty i innych wskazanych przez siebie okoliczno\u015bci.<\/li>\n\n\n\n<li>Prawem w\u0142a\u015bciwym dla wszelkich stosunk\u00f3w prawnych wynikaj\u0105cych z Regulaminu jest prawo polskie. Spory rozstrzygane b\u0119d\u0105 przez polskie s\u0105dy w\u0142a\u015bciwe dla danej sprawy.<\/li>\n\n\n\n<li>Dzia\u0142anie Portalu podlega prawu polskiemu. Spory wynik\u0142e z korzystania z Portalu rozstrzygane b\u0119d\u0105 przez polskie s\u0105dy w\u0142a\u015bciwe dla danej sprawy.<\/li>\n\n\n\n<li>W kwestiach nieuregulowanych Regulaminem zastosowanie znajduj\u0105 przepisy polskiego prawa.<\/li>\n\n\n\n<li>Regulamin Portalu dost\u0119pny jest dla wszystkich U\u017cytkownik\u00f3w pod adresem <a href=\"https:\/\/kancelariadrezno.pl\/?page_id=141\">https:\/\/kancelraidrezno.pl\/regulamin\/<\/a><\/li>\n\n\n\n<li>Portal \u015bwiadczy us\u0142ugi drog\u0105 internetow\u0105.<\/li>\n\n\n\n<li>Za po\u015brednictwem Portalu mo\u017cliwe jest tak\u017ce skorzystanie z serwis\u00f3w internetowych i us\u0142ug elektronicznych udost\u0119pnianych przez osoby trzecie.<\/li>\n\n\n\n<li>W ramach Portalu prezentowane s\u0105 tre\u015bci informacyjne o r\u00f3\u017cnorodnej tematyce oraz tre\u015bci o charakterze promocyjnym i reklamowym pochodz\u0105ce od Administratora i os\u00f3b trzecich.<\/li>\n\n\n\n<li>U\u017cytkownik Portalu wyra\u017ca zgod\u0119 na korzystanie z Portalu w oparciu o niniejsze Zasady poprzez skorzystanie z dowolnej strony internetowej, serwisu internetowego lub us\u0142ugi elektronicznej udost\u0119pnianej w Portalu.<\/li>\n\n\n\n<li>Tre\u015bci w Portalu mog\u0105 by\u0107 prezentowane \u0142\u0105cznie z reklamami. <\/li>\n<\/ol>\n\n\n\n<h3 class=\"has-black-color has-text-color wp-block-heading\"><strong>II. Warunki techniczne korzystania z Portalu<\/strong><\/h3>\n\n\n\n<ol class=\"wp-block-list\">\n<li>Minimalne wymagania techniczne umo\u017cliwiaj\u0105ce U\u017cytkownikowi korzystanie z Portalu to posiadanie urz\u0105dzenia elektronicznego (np. komputer, telefon kom\u00f3rkowy, tablet, telewizor itp.) wyposa\u017conego w aktualn\u0105 przegl\u0105dark\u0119 internetow\u0105. Jednak\u017ce mo\u017cliwo\u015b\u0107 korzystania z poszczeg\u00f3lnych us\u0142ug elektronicznych dost\u0119pnych w Portalu lub jego podstron mo\u017ce by\u0107 uzale\u017cniona od dokonania okre\u015blonych konfiguracji urz\u0105dzenia elektronicznego U\u017cytkownika Portalu, instalacji dodatkowych wtyczek zewn\u0119trznych, posiadania konta w Portalu lub serwisach zewn\u0119trznych oraz spe\u0142nienia innych wymaga\u0144 technicznych. Portal nie ponosi odpowiedzialno\u015bci je\u017celi urz\u0105dzenie U\u017cytkownika nie jest w stanie prawid\u0142owo emitowa\u0107 tre\u015bci.<\/li>\n\n\n\n<li>Administrator dok\u0142ada stara\u0144, aby korzystanie z Portalu by\u0142o mo\u017cliwe dla U\u017cytkownik\u00f3w wszystkich popularnych przegl\u0105darek internetowych, system\u00f3w operacyjnych, typ\u00f3w komputer\u00f3w oraz typ\u00f3w po\u0142\u0105cze\u0144 internetowych. Jednak\u017ce Portal nie gwarantuje i nie odpowiada za to, \u017ce ka\u017cda kombinacja tych czynnik\u00f3w umo\u017cliwia korzystnie z Portalu lub jego poszczeg\u00f3lnych element\u00f3w, w szczeg\u00f3lno\u015bci us\u0142ug elektronicznych udost\u0119pnianych w Portalu. <\/li>\n\n\n\n<li>Portal mo\u017ce wy\u015bwietla\u0107 reklamy.<\/li>\n<\/ol>\n\n\n\n<h3 class=\"has-black-color has-text-color wp-block-heading\"><strong>III. Prawa autorskie<\/strong><\/h3>\n\n\n\n<ol class=\"wp-block-list\">\n<li>Wszelkie prawa do Portalu oraz jego wszystkich element\u00f3w, za wyj\u0105tkiem tre\u015bci pochodz\u0105cych od i rozpowszechnianych przez u\u017cytkownik\u00f3w Portalu podlegaj\u0105 ochronie prawnej i  nale\u017c\u0105 do Administratora i\/lub podmiot\u00f3w z nim wsp\u00f3\u0142pracuj\u0105cych. Korzystanie z Portalu naruszaj\u0105ce jego integralno\u015b\u0107 jest zabronione.<\/li>\n\n\n\n<li>Korzystanie z Portalu nie oznacza nabycia jakichkolwiek praw do Portalu ani jego poszczeg\u00f3lnych element\u00f3w.<\/li>\n\n\n\n<li>Zabronione jest kopiowanie i rozpowszechnianie tre\u015bci Portalu w zakresie przekraczaj\u0105cym tzw. dozwolony u\u017cytek w rozumieniu ustawy z dnia 4 lutego 1994 roku &#8211; o prawie autorskim i prawach pokrewnych. <\/li>\n\n\n\n<li>W szczeg\u00f3lno\u015bci zabronione jest, z wyj\u0105tkiem przypadku uzyskania wyra\u017anej zgody Administratora, podejmowanie nast\u0119puj\u0105cych dzia\u0142a\u0144 w odniesieniu do Portalu:\n<ol class=\"wp-block-list\">\n<li> wytwarzanie okre\u015blon\u0105 technik\u0105 egzemplarzy jakichkolwiek tre\u015bci, w tym technik\u0105 drukarsk\u0105, reprograficzn\u0105, zapisu magnetycznego oraz technik\u0105 cyfrow\u0105;<\/li>\n\n\n\n<li>wprowadzanie do obrotu, u\u017cyczenie lub najem orygina\u0142u albo egzemplarzy;<\/li>\n\n\n\n<li>publiczne wykonanie, wystawienie, wy\u015bwietlenie, odtworzenie oraz nadawanie i reemitowanie, a tak\u017ce publiczne udost\u0119pnianie utworu w taki spos\u00f3b, aby ka\u017cdy m\u00f3g\u0142 mie\u0107 do niego dost\u0119p w miejscu i w czasie przez siebie wybranym;<\/li>\n\n\n\n<li>trwa\u0142ego lub czasowego zwielokrotnienia programu komputerowego w ca\u0142o\u015bci lub w cz\u0119\u015bci jakimikolwiek \u015brodkami i w jakiejkolwiek formie; t\u0142umaczenia, przystosowywania, zmiany uk\u0142adu lub jakichkolwiek innych zmian w programie komputerowym; rozpowszechniania, w tym u\u017cyczenia lub najmu, programu komputerowego lub jego kopii;<\/li>\n\n\n\n<li>pobieranie zawarto\u015bci baz danych i wt\u00f3rne jej wykorzystywanie w ca\u0142o\u015bci lub w istotnej &#8211; co do jako\u015bci lub ilo\u015bci &#8211; cz\u0119\u015bci.<\/li>\n<\/ol>\n<\/li>\n\n\n\n<li>Niezale\u017cnie od innych zastrze\u017ce\u0144 zawartych w Regulaminie  zabronione jest dalsze rozpowszechnianie tre\u015bci pochodz\u0105cych z Portalu obejmuj\u0105cych artyku\u0142y i inne materia\u0142y (w tym materia\u0142y dydaktyczne\/terapeutyczne do pobrania), w szczeg\u00f3lno\u015bci sporz\u0105dzane w formie tekstowej, graficznej, tekstowo-graficznej, jak i tekstu po\u0142\u0105czonego ze zbiorem (&#8220;galeri\u0105&#8221;) zdj\u0119\u0107.<\/li>\n\n\n\n<li>Osoba, kt\u00f3ra chcia\u0142aby wykorzysta\u0107 tre\u015bci (w szczeg\u00f3lno\u015bci utwory) udost\u0119pniane w ramach Portalu w szerszym zakresie ni\u017c wskazany w Regulaminie lub ma w\u0105tpliwo\u015bci co dopuszczalnego zakresu korzystania z tych tre\u015bci (w tym utwor\u00f3w), powinna skontaktowa\u0107 si\u0119 z Administratorem.<\/li>\n\n\n\n<li>U\u017cytkownik dokonuj\u0105cy publikacji tre\u015bci w ramach systemu komentarzy lub innych platform Portalu&nbsp;o\u015bwiadcza, \u017ce posiada pe\u0142ne prawo do wszelkich tre\u015bci publikowanych przez siebie na Portalu lub te\u017c materia\u0142y multimedialne zosta\u0142y wykorzystane w ramach odpowiednich licencji i we w\u0142a\u015bciwy spos\u00f3b ich pochodzenie zosta\u0142o oznaczone.<\/li>\n\n\n\n<li>U\u017cytkownik o\u015bwiadcza, \u017ce bierze na siebie pe\u0142n\u0105 odpowiedzialno\u015b\u0107 wynikaj\u0105c\u0105 z tytu\u0142u naruszenia przez niego praw autorskich w wyniku publikacji tre\u015bci w Portalu.<\/li>\n\n\n\n<li>Zamieszczenie jakichkolwiek tre\u015bci lub materia\u0142\u00f3w na Portalu jest r\u00f3wnoznaczne z ich publicznym udost\u0119pnieniem. U\u017cytkownik zachowuje pe\u0142ni\u0119 praw autorskich do publikowanych przez siebie tre\u015bci, publikacji dokonuje dobrowolnie i nieodp\u0142atnie, publikacja mo\u017ce by\u0107 w ka\u017cdej chwili przez niego odwo\u0142ana po dokonaniu stosownego zg\u0142oszenia do Administratora.<\/li>\n\n\n\n<li>Administrator nie ponosi odpowiedzialno\u015bci za naruszenia praw autorskich przez U\u017cytkownik\u00f3w Portalu, jednocze\u015bnie oferuj\u0105c pe\u0142n\u0105 wsp\u00f3\u0142prac\u0119 w zakresie eliminowania tych tre\u015bci zgodnie z dyspozycj\u0105 art. 14 ustawy o \u015bwiadczeniu us\u0142ug drog\u0105 elektroniczn\u0105 z dn. 18 lipca 2002 roku.<\/li>\n<\/ol>\n\n\n\n<h3 class=\"has-black-color has-text-color wp-block-heading\"><strong>IV. Prawa i obowi\u0105zki u\u017cytkownika<\/strong><\/h3>\n\n\n\n<ol class=\"wp-block-list\">\n<li>U\u017cytkownik  Portalu ma prawo do korzystania z serwisu poprzez przegl\u0105danie <br>i lektur\u0119 jego zasob\u00f3w z wy\u0142\u0105czeniem tre\u015bci, do kt\u00f3rych dost\u0119p Administrator ogranicza wedle przyj\u0119tych przez siebie kryteri\u00f3w.<\/li>\n\n\n\n<li>U\u017cytkownik Portalu zobowi\u0105zany jest do przestrzegania powszechnie obowi\u0105zuj\u0105cych przepis\u00f3w prawa oraz dobrych obyczaj\u00f3w,  mi\u0119dzy innymi poprzez powstrzymywanie si\u0119 od publikacji tre\u015bci naruszaj\u0105cych dobra osobiste lub uczucia innych os\u00f3b, tre\u015bci powszechnie uznawanych za wulgarne, dyskryminuj\u0105ce, poufne i inne tre\u015bci, kt\u00f3re w ocenie Administratora zostan\u0105 uznane za niew\u0142a\u015bciwe.<\/li>\n\n\n\n<li>U\u017cytkownik zobowi\u0105zany jest do powstrzymania od wszelkich praktyk, kt\u00f3re mog\u0142yby narazi\u0107 techniczne i merytoryczne aspekty funkcjonowania Portalu. W szczeg\u00f3lno\u015bci U\u017cytkownik zobowi\u0105zany jest do powstrzymania si\u0119 od spamowania, nieuzgodnionych dzia\u0142a\u0144 reklamowych, zachowa\u0144, kt\u00f3re mog\u0105 zosta\u0107 uznane za celowe pr\u00f3by lub doprowadzi\u0107 do destabilizacji technicznego zaplecza Portalu (ataki DDoS).<\/li>\n\n\n\n<li>Administrator Portalu ma prawo do usuwania tre\u015bci, kt\u00f3re b\u0119d\u0105 narusza\u0142y postanowienia Cz\u0119\u015bci I Regulaminu, jak r\u00f3wnie\u017c nieuwzgl\u0119dnione w nim powszechnie obowi\u0105zuj\u0105ce w \u017cyciu spo\u0142ecznym warto\u015bci oraz innych tre\u015bci je\u015bli uzna to za stosowne.<\/li>\n\n\n\n<li>Administrator jest uprawniony do zaprzestania udost\u0119pniania Portalu lub jego poszczeg\u00f3lnych element\u00f3w dla U\u017cytkownika, w szczeg\u00f3lno\u015bci poprzez usuwanie lub blokad\u0119 kont U\u017cytkownik\u00f3w, jak r\u00f3wnie\u017c okre\u015blonych adres\u00f3w IP, w przypadku:\n<ol class=\"wp-block-list\">\n<li>naruszenia przez U\u017cytkownika powszechnie obowi\u0105zuj\u0105cych przepis\u00f3w prawa, postanowie\u0144 Cz\u0119\u015bci I Regulaminu, zasad wsp\u00f3\u0142\u017cycia spo\u0142ecznego lub dobrych obyczaj\u00f3w;<\/li>\n\n\n\n<li>w przypadku dzia\u0142ania przez U\u017cytkownika na szkod\u0119 Portalu lub innych U\u017cytkownik\u00f3w lub os\u00f3b trzecich;<\/li>\n<\/ol>\n<\/li>\n\n\n\n<li>Administrator zastrzega prawo do usuni\u0119cia konta U\u017cytkownika zarejestrowanego w portalu, je\u015bli ten nie logowa\u0142 si\u0119 na nie na przestrzeni jednego roku.<\/li>\n\n\n\n<li>W&nbsp;przypadku \u0142amania przepis\u00f3w prawa przez U\u017cytkownik\u00f3w lub dzia\u0142ania na szkod\u0119 Portalu, Administrator zastrzega sobie prawo do podj\u0119cia stosownych dzia\u0142a\u0144 prawnych, jak r\u00f3wnie\u017c udost\u0119pniania niezb\u0119dnych danych zainteresowanym organom \u015bcigania.<\/li>\n\n\n\n<li>Administrator zastrzega sobie prawo do podejmowania dzia\u0142a\u0144 wskazanych w pkt.&nbsp;5 i 6&nbsp;niniejszego dzia\u0142u bez potrzeby argumentowania swoich decyzji.<\/li>\n<\/ol>\n\n\n\n<h3 class=\"has-black-color has-text-color wp-block-heading\"><strong>V. Dane osobowe i prywatno\u015b\u0107 <\/strong><\/h3>\n\n\n\n<ol class=\"wp-block-list\" id=\"regulamin\">\n<li>Ryzyka zwi\u0105zane z korzystaniem z sieci Internet oraz funkcj\u0105 i celem oprogramowania lub danych nieb\u0119d\u0105cych sk\u0142adnikiem tre\u015bci serwis\u00f3w internetowych lub us\u0142ug elektronicznych udost\u0119pnianych w Portalu, Administrator podaje w Polityce prywatno\u015bci. Polityka prywatno\u015bci Portalu jest dost\u0119pna tutaj: <a href=\"https:\/\/kancelariadrezno.pl\/?page_id=129\">https:\/\/kancelariadrezno.pl\/polityka_prywatno\u015bci\/<\/a>.<\/li>\n\n\n\n<li>Niezale\u017cnie od postanowie\u0144 Polityki prywatno\u015bci Administrator zastrzega, \u017ce mo\u017ce powierzy\u0107 przetwarzanie danych osobowych podmiotowi zewn\u0119trznemu, a tak\u017ce \u017ce nie ponosi odpowiedzialno\u015bci za dane przetwarzane przez zewn\u0119trzne, po\u0142\u0105czone z Portalem us\u0142ugi.  Jednocze\u015bnie Administrator wskazuje, \u017ce Portal wykorzystuje pliki cookies w\u0142asne oraz nale\u017c\u0105ce do zewn\u0119trznych podmiot\u00f3w zgodnie z regulacjami ustawy Prawo telekomunikacyjne z dn. 16 lipca 2004 roku, kt\u00f3re gromadzone w ramach  Portalu wykorzystywane s\u0105 w realizowaniu cel\u00f3w funkcjonalnych witryny dla wygody U\u017cytkownika oraz pomagaj\u0105 w realizowaniu cel\u00f3w statystycznych, reklamowych i spo\u0142eczno\u015bciowych. U\u017cytkownik w ka\u017cdej chwili mo\u017ce wy\u0142\u0105czy\u0107 lub ograniczy\u0107 warunki przechowywania lub dost\u0119pu do plik\u00f3w cookies w ustawieniach przegl\u0105darki internetowej.<\/li>\n\n\n\n<li>Portal zastrzega sobie prawo udost\u0119pniania danych U\u017cytkownika Portalu oraz danych przedstawiciela ustawowego lub opiekuna prawnego U\u017cytkownika Portalu, a tak\u017ce tre\u015bci pochodz\u0105cych od i rozpowszechnianych w Portalu przez U\u017cytkownik\u00f3w, je\u017celi obowi\u0105zek udost\u0119pnienia uprawnionym osobom wynika z obowi\u0105zuj\u0105cych przepis\u00f3w prawa.<\/li>\n<\/ol>\n\n\n\n<h3 class=\"has-black-color has-text-color wp-block-heading\"><strong>VI. Odpowiedzialno\u015b\u0107 Administratora<\/strong><\/h3>\n\n\n\n<ol class=\"wp-block-list\">\n<li>Administrator zastrzega sobie prawo do przerw lub utrudnie\u0144 w dzia\u0142aniu Portalu albo jego poszczeg\u00f3lnych cz\u0119\u015bci, wprowadzaniu ogranicze\u0144 terytorialnych lub wiekowych w dost\u0119pie, a tak\u017ce innych ogranicze\u0144, jak i r\u00f3wnie\u017c zamkni\u0119cia Portalu bez uprzedniego zawiadomienia.<\/li>\n\n\n\n<li>Administrator nie ponosi odpowiedzialno\u015bci za dzia\u0142ania U\u017cytkownik\u00f3w i os\u00f3b trzecich w zakresie naruszania prawa na \u0142amach lub za po\u015brednictwem Portalu np. w drodze publikacji tre\u015bci b\u0105d\u017a profili. Pe\u0142n\u0105 i osobist\u0105 odpowiedzialno\u015b\u0107 w tym zakresie ponosi U\u017cytkownik lub osoba trzecia dokonuj\u0105ca naruszenia.<\/li>\n\n\n\n<li>Administrator nie ponosi odpowiedzialno\u015bci z tytu\u0142u utraconych korzy\u015bci poniesionych przez U\u017cytkownik\u00f3w Portalu w zwi\u0105zku z korzystaniem z Portalu i oferowanych za jego po\u015brednictwem us\u0142ug, w szczeg\u00f3lno\u015bci us\u0142ug nieodp\u0142atnych.<\/li>\n\n\n\n<li>Administrator nie odpowiada za tre\u015b\u0107 reklam wy\u015bwietlaj\u0105cych si\u0119 na Portalu, bowiem wy\u015bwietlane s\u0105 one przez pomioty zewn\u0119trzne.<\/li>\n\n\n\n<li>U\u017cytkownicy Portalu korzystaj\u0105 z serwis\u00f3w internetowych i us\u0142ug elektronicznych prowadzonych przez inne podmioty ni\u017c Administrator (np. podmioty pozwalaj\u0105ce na wej\u015bcie na ich stron\u0119 za po\u015brednictwem reklamy wy\u015bwietlaj\u0105cej si\u0119 na Portalu), wy\u0142\u0105cznie na w\u0142asn\u0105 odpowiedzialno\u015b\u0107.<\/li>\n\n\n\n<li>Niniejszy Regulamin nie ma zastosowania do serwis\u00f3w internetowych i us\u0142ug elektronicznych udost\u0119pnianych przez inne podmioty ni\u017c Administrator. W takim przypadku znajduj\u0105 zastosowanie zasady korzystania z serwis\u00f3w internetowych lub\/i us\u0142ug elektronicznych okre\u015blone przez podmioty, kt\u00f3re je udost\u0119pniaj\u0105.<\/li>\n<\/ol>\n\n\n\n<h3 class=\"has-black-color has-text-color wp-block-heading\"><strong>VI. Postanowienia ko\u0144cowe Regulaminu<\/strong><\/h3>\n\n\n\n<ol class=\"wp-block-list\">\n<li>Regulamin zaczyna obowi\u0105zywa\u0107 z dniem opublikowania go na Portalu.<\/li>\n\n\n\n<li>Administrator zastrzega sobie prawo zmiany niniejszej cz\u0119\u015bci, jak i ca\u0142ego Regulaminu, w ka\u017cdym czasie. Wszelkie zmiany obowi\u0105zuj\u0105 z chwil\u0105 opublikowania ich na Portalu.<\/li>\n\n\n\n<li>U\u017cytkownicy zobowi\u0105zani s\u0105 do bie\u017c\u0105cego zapoznawania si\u0119 ze zmianami niniejszej cz\u0119\u015bci oraz ca\u0142ego Regulaminu. <\/li>\n\n\n\n<li>Dat\u0105 ostatniej aktualizacji Regulaminu jest dzie\u0144 12 pa\u017adziernika 2022 roku. <\/li>\n\n\n\n<li>Korzystanie z Portalu jest r\u00f3wnoznaczne z akceptacj\u0105 Regulaminu. <\/li>\n<\/ol>\n","protected":false},"excerpt":{"rendered":"<p>Regulamin Portalu kancelariadrezno.pl Portal internetowy panilogopedyczna.pl (dalej: Portal), dzia\u0142aj\u0105cy pod adresem kancelariadrezno.pl, prowadzony jest przez Konrada Drezno prowadz\u0105cy dzia\u0142alno\u015b\u0107 gospodarcz\u0105 pod firm\u0105: Kancelaria Radcy Prawnego Konrad Drezno z siedzib\u0105\u00a0w Lublinie\u00a0przy ul. Kryszta\u0142owej 8\/U2,\u00a0NIP: 7123444293, REGON: 523561067\u00a0 (dalej jako: Administrator). Kontakt z Administratorem mo\u017cliwy jest za po\u015brednictwem poczty elektronicznej: kontakt@kancelariadrezno.pl (!) [&hellip;]<\/p>\n","protected":false},"author":1,"featured_media":0,"parent":0,"menu_order":0,"comment_status":"closed","ping_status":"closed","template":"","meta":{"footnotes":""},"class_list":["post-141","page","type-page","status-publish","hentry"],"_links":{"self":[{"href":"https:\/\/kancelariadrezno.pl\/index.php?rest_route=\/wp\/v2\/pages\/141","targetHints":{"allow":["GET"]}}],"collection":[{"href":"https:\/\/kancelariadrezno.pl\/index.php?rest_route=\/wp\/v2\/pages"}],"about":[{"href":"https:\/\/kancelariadrezno.pl\/index.php?rest_route=\/wp\/v2\/types\/page"}],"author":[{"embeddable":true,"href":"https:\/\/kancelariadrezno.pl\/index.php?rest_route=\/wp\/v2\/users\/1"}],"replies":[{"embeddable":true,"href":"https:\/\/kancelariadrezno.pl\/index.php?rest_route=%2Fwp%2Fv2%2Fcomments&post=141"}],"version-history":[{"count":6,"href":"https:\/\/kancelariadrezno.pl\/index.php?rest_route=\/wp\/v2\/pages\/141\/revisions"}],"predecessor-version":[{"id":160,"href":"https:\/\/kancelariadrezno.pl\/index.php?rest_route=\/wp\/v2\/pages\/141\/revisions\/160"}],"wp:attachment":[{"href":"https:\/\/kancelariadrezno.pl\/index.php?rest_route=%2Fwp%2Fv2%2Fmedia&parent=141"}],"curies":[{"name":"wp","href":"https:\/\/api.w.org\/{rel}","templated":true}]}}